{"id":429,"date":"2018-01-15T22:48:14","date_gmt":"2018-01-15T22:48:14","guid":{"rendered":"http:\/\/kiju-maintal.com\/?page_id=429"},"modified":"2018-01-15T22:54:43","modified_gmt":"2018-01-15T22:54:43","slug":"datenschutzerklaerung","status":"publish","type":"page","link":"http:\/\/kiju-maintal.com\/?page_id=429","title":{"rendered":"Datenschutzerkl\u00e4rung"},"content":{"rendered":"<div data-label=\"Content\" data-id=\"content-12\" data-export-id=\"content-12\" data-category=\"content\" class=\"content-12 content-section content-section-spacing\" id=\"content-4\"  style=\"background-color: rgb(255, 255, 255);\"> <div class=\"gridContainer\" > <div class=\"row text-center\" > <div class=\"section-title-col\" data-type=\"column\" > <h2 class=\"\" >Datenschutzerkl\u00e4rung<\/h2> <p class=\"lead\" ><\/p><div ><\/div><div ><span style=\"font-size: 1.2rem; font-weight: 700;\" >Geltungsbereich<\/span><\/div><div ><\/div><div >Diese Datenschutzerkl\u00e4rung kl\u00e4rt Nutzer \u00fcber die Art, den Umfang und Zwecke der Erhebung und Verwendung personenbezogener Daten durch den verantwortlichen Anbieter<\/div><div ><\/div><div >Kinder- und Jugendhaus Bischofsheim<\/div><div >D\u00f6rnigheimer Weg 19b<\/div><div >63477 Maintal<\/div><div >Tel.: 06109\/9669978<\/div><div >Mail.: kijubi@maintal.de,<\/div><div ><\/div><div >auf dieser Website (im folgenden \u201cAngebot\u201d) auf.<\/div><div ><\/div><div >Die rechtlichen Grundlagen des Datenschutzes finden sich im Bundesdatenschutzgesetz (BDSG) und dem Telemediengesetz (TMG).<\/div><div ><\/div><div ><span style=\"font-weight: 700;\" >Kontaktaufnahme<\/span><\/div><div ><\/div><div >Bei der Kontaktaufnahme mit dem Anbieter (zum Beispiel per Kontaktformular oder E-Mail) werden die Angaben des Nutzers zwecks Bearbeitung der Anfrage sowie f\u00fcr den Fall, dass Anschlussfragen entstehen, gespeichert.<\/div><div ><\/div><div ><span style=\"font-weight: 700;\" >Einbindung von Diensten und Inhalten Dritter<\/span><\/div><div ><\/div><div >Es kann vorkommen, dass innerhalb dieses Onlineangebotes Inhalte Dritter, wie zum Beispiel Videos von YouTube, Kartenmaterial von Google-Maps, RSS-Feeds oder Grafiken von anderen Webseiten eingebunden werden. Dies setzt immer voraus, dass die Anbieter dieser Inhalte (nachfolgend bezeichnet als &#8222;Dritt-Anbieter&#8220;) die IP-Adresse der Nutzer wahr nehmen. Denn ohne die IP-Adresse, k\u00f6nnten sie die Inhalte nicht an den Browser des jeweiligen Nutzers senden. Die IP-Adresse ist damit f\u00fcr die Darstellung dieser Inhalte erforderlich. Wir bem\u00fchen uns nur solche Inhalte zu verwenden, deren jeweilige Anbieter die IP-Adresse lediglich zur Auslieferung der Inhalte verwenden. Jedoch haben wir keinen Einfluss darauf, falls die Dritt-Anbieter die IP-Adresse z.B. f\u00fcr statistische Zwecke speichern. Soweit dies uns bekannt ist, kl\u00e4ren wir die Nutzer dar\u00fcber auf.<\/div><div ><\/div><div ><span style=\"font-weight: 700;\" >Widerruf, \u00c4nderungen, Berichtigungen und Aktualisierungen<\/span><\/div><div ><\/div><div >Der Nutzer hat das Recht, auf Antrag unentgeltlich Auskunft zu erhalten \u00fcber die personenbezogenen Daten, die \u00fcber ihn gespeichert wurden. Zus\u00e4tzlich hat der Nutzer das Recht auf Berichtigung unrichtiger Daten, Sperrung und L\u00f6schung seiner personenbezogenen Daten, soweit dem keine gesetzliche Aufbewahrungspflicht entgegensteht.<\/div> <\/div> <\/div> <div class=\"row center-xs middle-xs\" > <div class=\"col-sm-9\" data-type=\"column\" >  <\/div> <\/div> <\/div> <\/div>","protected":false},"excerpt":{"rendered":"<p>Datenschutzerkl\u00e4rung GeltungsbereichDiese Datenschutzerkl\u00e4rung kl\u00e4rt Nutzer \u00fcber die Art, den Umfang und Zwecke der Erhebung und Verwendung personenbezogener Daten durch den verantwortlichen AnbieterKinder- und Jugendhaus BischofsheimD\u00f6rnigheimer Weg 19b63477 MaintalTel.: 06109\/9669978Mail.: kijubi@maintal.de,auf dieser Website (im folgenden \u201cAngebot\u201d) auf.Die rechtlichen Grundlagen des Datenschutzes finden sich im Bundesdatenschutzgesetz (BDSG) und dem Telemediengesetz (TMG).KontaktaufnahmeBei der Kontaktaufnahme mit dem Anbieter (zum&hellip; <br \/> <a class=\"read-more\" href=\"http:\/\/kiju-maintal.com\/?page_id=429\">Weiterlesen<\/a><\/p>\n","protected":false},"author":2,"featured_media":0,"parent":0,"menu_order":0,"comment_status":"closed","ping_status":"closed","template":"pro\/page-templates\/full-width-page.php","meta":{"ngg_post_thumbnail":0,"footnotes":""},"_links":{"self":[{"href":"http:\/\/kiju-maintal.com\/index.php?rest_route=\/wp\/v2\/pages\/429"}],"collection":[{"href":"http:\/\/kiju-maintal.com\/index.php?rest_route=\/wp\/v2\/pages"}],"about":[{"href":"http:\/\/kiju-maintal.com\/index.php?rest_route=\/wp\/v2\/types\/page"}],"author":[{"embeddable":true,"href":"http:\/\/kiju-maintal.com\/index.php?rest_route=\/wp\/v2\/users\/2"}],"replies":[{"embeddable":true,"href":"http:\/\/kiju-maintal.com\/index.php?rest_route=%2Fwp%2Fv2%2Fcomments&post=429"}],"version-history":[{"count":2,"href":"http:\/\/kiju-maintal.com\/index.php?rest_route=\/wp\/v2\/pages\/429\/revisions"}],"predecessor-version":[{"id":432,"href":"http:\/\/kiju-maintal.com\/index.php?rest_route=\/wp\/v2\/pages\/429\/revisions\/432"}],"wp:attachment":[{"href":"http:\/\/kiju-maintal.com\/index.php?rest_route=%2Fwp%2Fv2%2Fmedia&parent=429"}],"curies":[{"name":"wp","href":"https:\/\/api.w.org\/{rel}","templated":true}]}}